{"id":12,"date":"2024-07-04T14:06:05","date_gmt":"2024-07-04T14:06:05","guid":{"rendered":"https:\/\/mjconsultores.rkinformatika.online\/?page_id=12"},"modified":"2024-07-16T15:08:06","modified_gmt":"2024-07-16T15:08:06","slug":"servicios","status":"publish","type":"page","link":"https:\/\/mjconsultores.es\/eus\/servicios\/","title":{"rendered":"Zerbitzuak"},"content":{"rendered":"<div data-elementor-type=\"wp-page\" data-elementor-id=\"12\" class=\"elementor elementor-12\" data-elementor-post-type=\"page\">\n\t\t\t\t\t\t<section class=\"elementor-section elementor-top-section elementor-element elementor-element-e629d29 elementor-section-boxed elementor-section-height-default elementor-section-height-default\" data-id=\"e629d29\" data-element_type=\"section\" data-e-type=\"section\" data-settings=\"{&quot;background_background&quot;:&quot;classic&quot;}\">\n\t\t\t\t\t\t\t<div class=\"elementor-background-overlay\"><\/div>\n\t\t\t\t\t\t\t<div class=\"elementor-container elementor-column-gap-default\">\n\t\t\t\t\t<div class=\"elementor-column elementor-col-100 elementor-top-column elementor-element elementor-element-754533c\" data-id=\"754533c\" data-element_type=\"column\" data-e-type=\"column\">\n\t\t\t<div class=\"elementor-widget-wrap\">\n\t\t\t\t\t\t\t<\/div>\n\t\t<\/div>\n\t\t\t\t\t<\/div>\n\t\t<\/section>\n\t\t<div class=\"elementor-element elementor-element-4020ec1d e-con-full e-flex e-con e-parent\" data-id=\"4020ec1d\" data-element_type=\"container\" data-e-type=\"container\" data-settings=\"{&quot;background_background&quot;:&quot;classic&quot;,&quot;shape_divider_top&quot;:&quot;pyramids&quot;}\">\n\t\t\t\t<div class=\"elementor-shape elementor-shape-top\" aria-hidden=\"true\" data-negative=\"false\">\n\t\t\t<svg xmlns=\"http:\/\/www.w3.org\/2000\/svg\" viewbox=\"0 0 1000 100\" preserveaspectratio=\"none\">\n\t<path class=\"elementor-shape-fill\" d=\"M761.9,44.1L643.1,27.2L333.8,98L0,3.8V0l1000,0v3.9\"\/>\n<\/svg>\t\t<\/div>\n\t\t<div class=\"elementor-element elementor-element-7ac03a73 e-flex e-con-boxed e-con e-child\" data-id=\"7ac03a73\" data-element_type=\"container\" data-e-type=\"container\">\n\t\t\t\t\t<div class=\"e-con-inner\">\n\t\t\t\t<div class=\"elementor-element elementor-element-89e487a elementor-widget-mobile__width-initial elementor-widget elementor-widget-heading\" data-id=\"89e487a\" data-element_type=\"widget\" data-e-type=\"widget\" data-widget_type=\"heading.default\">\n\t\t\t\t<div class=\"elementor-widget-container\">\n\t\t\t\t\t<h2 class=\"elementor-heading-title elementor-size-default\">Nuestros Servicios<\/h2>\t\t\t\t<\/div>\n\t\t\t\t<\/div>\n\t\t\t\t\t<\/div>\n\t\t\t\t<\/div>\n\t\t<div class=\"elementor-element elementor-element-591b53da e-con-full e-flex e-con e-child\" data-id=\"591b53da\" data-element_type=\"container\" data-e-type=\"container\">\n\t\t<div class=\"elementor-element elementor-element-1d766b9e e-con-full e-flex elementor-invisible e-con e-child\" data-id=\"1d766b9e\" data-element_type=\"container\" data-e-type=\"container\" data-settings=\"{&quot;animation&quot;:&quot;fadeInUp&quot;}\">\n\t\t\t\t<div class=\"elementor-element elementor-element-09d39c1 elementor-widget elementor-widget-image\" data-id=\"09d39c1\" data-element_type=\"widget\" data-e-type=\"widget\" data-widget_type=\"image.default\">\n\t\t\t\t<div class=\"elementor-widget-container\">\n\t\t\t\t\t\t\t\t\t\t\t\t\t\t\t<img fetchpriority=\"high\" decoding=\"async\" width=\"512\" height=\"512\" src=\"https:\/\/mjconsultores.es\/wp-content\/uploads\/2024\/07\/financial-wellbeing_14597842.png\" class=\"attachment-large size-large wp-image-615\" alt=\"\" srcset=\"https:\/\/mjconsultores.es\/wp-content\/uploads\/2024\/07\/financial-wellbeing_14597842.png 512w, https:\/\/mjconsultores.es\/wp-content\/uploads\/2024\/07\/financial-wellbeing_14597842-300x300.png 300w, https:\/\/mjconsultores.es\/wp-content\/uploads\/2024\/07\/financial-wellbeing_14597842-150x150.png 150w, https:\/\/mjconsultores.es\/wp-content\/uploads\/2024\/07\/financial-wellbeing_14597842-12x12.png 12w\" sizes=\"(max-width: 512px) 100vw, 512px\" \/>\t\t\t\t\t\t\t\t\t\t\t\t\t\t\t<\/div>\n\t\t\t\t<\/div>\n\t\t\t\t<div class=\"elementor-element elementor-element-1f528207 elementor-cta--valign-middle elementor-cta--skin-classic elementor-animated-content elementor-bg-transform elementor-bg-transform-zoom-in elementor-widget elementor-widget-call-to-action\" data-id=\"1f528207\" data-element_type=\"widget\" data-e-type=\"widget\" data-widget_type=\"call-to-action.default\">\n\t\t\t\t<div class=\"elementor-widget-container\">\n\t\t\t\t\t\t\t<div class=\"elementor-cta\">\n\t\t\t\t\t\t\t<div class=\"elementor-cta__content\">\n\t\t\t\t\n\t\t\t\t\t\t\t\t\t<h3 class=\"elementor-cta__title elementor-cta__content-item elementor-content-item\">\n\t\t\t\t\t\tConsultor\u00eda Comercial\t\t\t\t\t<\/h3>\n\t\t\t\t\n\t\t\t\t\t\t\t\t\t<div class=\"elementor-cta__description elementor-cta__content-item elementor-content-item\">\n\t\t\t\t\t\tOptimizamos estrategias de ventas y marketing para aumentar ingresos y rentabilidad en su negocio.\t\t\t\t\t<\/div>\n\t\t\t\t\n\t\t\t\t\t\t\t<\/div>\n\t\t\t\t\t\t<\/div>\n\t\t\t\t\t\t<\/div>\n\t\t\t\t<\/div>\n\t\t\t\t<\/div>\n\t\t<div class=\"elementor-element elementor-element-6c739549 e-con-full e-flex elementor-invisible e-con e-child\" data-id=\"6c739549\" data-element_type=\"container\" data-e-type=\"container\" data-settings=\"{&quot;animation&quot;:&quot;fadeInUp&quot;,&quot;animation_delay&quot;:200}\">\n\t\t\t\t<div class=\"elementor-element elementor-element-86ddf92 elementor-widget elementor-widget-image\" data-id=\"86ddf92\" data-element_type=\"widget\" data-e-type=\"widget\" data-widget_type=\"image.default\">\n\t\t\t\t<div class=\"elementor-widget-container\">\n\t\t\t\t\t\t\t\t\t\t\t\t\t\t\t<img decoding=\"async\" width=\"512\" height=\"512\" src=\"https:\/\/mjconsultores.es\/wp-content\/uploads\/2024\/07\/economy_12002840.png\" class=\"attachment-large size-large wp-image-620\" alt=\"\" srcset=\"https:\/\/mjconsultores.es\/wp-content\/uploads\/2024\/07\/economy_12002840.png 512w, https:\/\/mjconsultores.es\/wp-content\/uploads\/2024\/07\/economy_12002840-300x300.png 300w, https:\/\/mjconsultores.es\/wp-content\/uploads\/2024\/07\/economy_12002840-150x150.png 150w, https:\/\/mjconsultores.es\/wp-content\/uploads\/2024\/07\/economy_12002840-12x12.png 12w\" sizes=\"(max-width: 512px) 100vw, 512px\" \/>\t\t\t\t\t\t\t\t\t\t\t\t\t\t\t<\/div>\n\t\t\t\t<\/div>\n\t\t\t\t<div class=\"elementor-element elementor-element-3af556f5 elementor-cta--valign-middle elementor-cta--skin-classic elementor-animated-content elementor-bg-transform elementor-bg-transform-zoom-in elementor-widget elementor-widget-call-to-action\" data-id=\"3af556f5\" data-element_type=\"widget\" data-e-type=\"widget\" data-widget_type=\"call-to-action.default\">\n\t\t\t\t<div class=\"elementor-widget-container\">\n\t\t\t\t\t\t\t<div class=\"elementor-cta\">\n\t\t\t\t\t\t\t<div class=\"elementor-cta__content\">\n\t\t\t\t\n\t\t\t\t\t\t\t\t\t<h3 class=\"elementor-cta__title elementor-cta__content-item elementor-content-item\">\n\t\t\t\t\t\tValoraci\u00f3n de Empresas\t\t\t\t\t<\/h3>\n\t\t\t\t\n\t\t\t\t\t\t\t\t\t<div class=\"elementor-cta__description elementor-cta__content-item elementor-content-item\">\n\t\t\t\t\t\tValoramos su empresa usando m\u00e9todos de mercado, ingresos y activos, esenciales para decisiones estrat\u00e9gicas y financieras.\t\t\t\t\t<\/div>\n\t\t\t\t\n\t\t\t\t\t\t\t<\/div>\n\t\t\t\t\t\t<\/div>\n\t\t\t\t\t\t<\/div>\n\t\t\t\t<\/div>\n\t\t\t\t<\/div>\n\t\t\t\t<\/div>\n\t\t\t\t<\/div>\n\t\t\t\t<section class=\"elementor-section elementor-top-section elementor-element elementor-element-453f5d5 elementor-section-full_width elementor-section-height-default elementor-section-height-default\" data-id=\"453f5d5\" data-element_type=\"section\" data-e-type=\"section\" data-settings=\"{&quot;background_background&quot;:&quot;classic&quot;}\">\n\t\t\t\t\t\t\t<div class=\"elementor-background-overlay\"><\/div>\n\t\t\t\t\t\t\t<div class=\"elementor-container elementor-column-gap-default\">\n\t\t\t\t\t<div class=\"elementor-column elementor-col-100 elementor-top-column elementor-element elementor-element-fb37891 elementor-invisible\" data-id=\"fb37891\" data-element_type=\"column\" data-e-type=\"column\" data-settings=\"{&quot;animation&quot;:&quot;fadeIn&quot;}\">\n\t\t\t<div class=\"elementor-widget-wrap elementor-element-populated\">\n\t\t\t\t\t\t<div class=\"elementor-element elementor-element-5dd44cb elementor-widget elementor-widget-text-editor\" data-id=\"5dd44cb\" data-element_type=\"widget\" data-e-type=\"widget\" data-widget_type=\"text-editor.default\">\n\t\t\t\t<div class=\"elementor-widget-container\">\n\t\t\t\t\t\t\t\t\t<p>No lo dejes para despu\u00e9s, act\u00faa hoy mismo.<\/p>\t\t\t\t\t\t\t\t<\/div>\n\t\t\t\t<\/div>\n\t\t\t\t<div class=\"elementor-element elementor-element-60b9698 elementor-align-center elementor-widget elementor-widget-button\" data-id=\"60b9698\" data-element_type=\"widget\" data-e-type=\"widget\" data-widget_type=\"button.default\">\n\t\t\t\t<div class=\"elementor-widget-container\">\n\t\t\t\t\t\t\t\t\t<div class=\"elementor-button-wrapper\">\n\t\t\t\t\t<a class=\"elementor-button elementor-button-link elementor-size-sm\" href=\"mailto:%20contacto@mjconsultores.es\">\n\t\t\t\t\t\t<span class=\"elementor-button-content-wrapper\">\n\t\t\t\t\t\t\t\t\t<span class=\"elementor-button-text\">Escr\u00edbenos<\/span>\n\t\t\t\t\t<\/span>\n\t\t\t\t\t<\/a>\n\t\t\t\t<\/div>\n\t\t\t\t\t\t\t\t<\/div>\n\t\t\t\t<\/div>\n\t\t\t\t\t<\/div>\n\t\t<\/div>\n\t\t\t\t\t<\/div>\n\t\t<\/section>\n\t\t\t\t<\/div>","protected":false},"excerpt":{"rendered":"<p>Nuestros Servicios Consultor\u00eda Comercial Optimizamos estrategias de ventas y marketing para aumentar ingresos y rentabilidad en su negocio. Valoraci\u00f3n de Empresas Valoramos su empresa usando m\u00e9todos de mercado, ingresos y activos, esenciales para decisiones estrat\u00e9gicas y financieras. No lo dejes para despu\u00e9s, act\u00faa hoy mismo. Escr\u00edbenos<\/p>","protected":false},"author":1,"featured_media":0,"parent":0,"menu_order":0,"comment_status":"closed","ping_status":"closed","template":"elementor_canvas","meta":{"footnotes":""},"class_list":["post-12","page","type-page","status-publish","hentry"],"yoast_head":"<!-- This site is optimized with the Yoast SEO plugin v27.5 - https:\/\/yoast.com\/product\/yoast-seo-wordpress\/ -->\n<title>Servicios - mjconsultores<\/title>\n<meta name=\"robots\" content=\"index, follow, max-snippet:-1, max-image-preview:large, max-video-preview:-1\" \/>\n<link rel=\"canonical\" href=\"https:\/\/mjconsultores.es\/eus\/servicios\/\" \/>\n<meta property=\"og:locale\" content=\"en_US\" \/>\n<meta property=\"og:type\" content=\"article\" \/>\n<meta property=\"og:title\" content=\"Servicios - mjconsultores\" \/>\n<meta property=\"og:description\" content=\"Nuestros Servicios Consultor\u00eda Comercial Optimizamos estrategias de ventas y marketing para aumentar ingresos y rentabilidad en su negocio. Valoraci\u00f3n de Empresas Valoramos su empresa usando m\u00e9todos de mercado, ingresos y activos, esenciales para decisiones estrat\u00e9gicas y financieras. No lo dejes para despu\u00e9s, act\u00faa hoy mismo. Escr\u00edbenos\" \/>\n<meta property=\"og:url\" content=\"https:\/\/mjconsultores.es\/eus\/servicios\/\" \/>\n<meta property=\"og:site_name\" content=\"mjconsultores\" \/>\n<meta property=\"article:modified_time\" content=\"2024-07-16T15:08:06+00:00\" \/>\n<meta property=\"og:image\" content=\"https:\/\/mjconsultores.es\/wp-content\/uploads\/2024\/07\/financial-wellbeing_14597842.png\" \/>\n<meta name=\"twitter:card\" content=\"summary_large_image\" \/>\n<meta name=\"twitter:label1\" content=\"Est. reading time\" \/>\n\t<meta name=\"twitter:data1\" content=\"1 minutua\" \/>\n<script type=\"application\/ld+json\" class=\"yoast-schema-graph\">{\"@context\":\"https:\\\/\\\/schema.org\",\"@graph\":[{\"@type\":\"WebPage\",\"@id\":\"https:\\\/\\\/mjconsultores.es\\\/servicios\\\/\",\"url\":\"https:\\\/\\\/mjconsultores.es\\\/servicios\\\/\",\"name\":\"Servicios - mjconsultores\",\"isPartOf\":{\"@id\":\"https:\\\/\\\/mjconsultores.es\\\/#website\"},\"primaryImageOfPage\":{\"@id\":\"https:\\\/\\\/mjconsultores.es\\\/servicios\\\/#primaryimage\"},\"image\":{\"@id\":\"https:\\\/\\\/mjconsultores.es\\\/servicios\\\/#primaryimage\"},\"thumbnailUrl\":\"https:\\\/\\\/mjconsultores.es\\\/wp-content\\\/uploads\\\/2024\\\/07\\\/financial-wellbeing_14597842.png\",\"datePublished\":\"2024-07-04T14:06:05+00:00\",\"dateModified\":\"2024-07-16T15:08:06+00:00\",\"breadcrumb\":{\"@id\":\"https:\\\/\\\/mjconsultores.es\\\/servicios\\\/#breadcrumb\"},\"inLanguage\":\"eu\",\"potentialAction\":[{\"@type\":\"ReadAction\",\"target\":[\"https:\\\/\\\/mjconsultores.es\\\/servicios\\\/\"]}]},{\"@type\":\"ImageObject\",\"inLanguage\":\"eu\",\"@id\":\"https:\\\/\\\/mjconsultores.es\\\/servicios\\\/#primaryimage\",\"url\":\"https:\\\/\\\/mjconsultores.es\\\/wp-content\\\/uploads\\\/2024\\\/07\\\/financial-wellbeing_14597842.png\",\"contentUrl\":\"https:\\\/\\\/mjconsultores.es\\\/wp-content\\\/uploads\\\/2024\\\/07\\\/financial-wellbeing_14597842.png\"},{\"@type\":\"BreadcrumbList\",\"@id\":\"https:\\\/\\\/mjconsultores.es\\\/servicios\\\/#breadcrumb\",\"itemListElement\":[{\"@type\":\"ListItem\",\"position\":1,\"name\":\"Portada\",\"item\":\"https:\\\/\\\/mjconsultores.es\\\/\"},{\"@type\":\"ListItem\",\"position\":2,\"name\":\"Servicios\"}]},{\"@type\":\"WebSite\",\"@id\":\"https:\\\/\\\/mjconsultores.es\\\/#website\",\"url\":\"https:\\\/\\\/mjconsultores.es\\\/\",\"name\":\"mjconsultores\",\"description\":\"\",\"publisher\":{\"@id\":\"https:\\\/\\\/mjconsultores.es\\\/#organization\"},\"potentialAction\":[{\"@type\":\"SearchAction\",\"target\":{\"@type\":\"EntryPoint\",\"urlTemplate\":\"https:\\\/\\\/mjconsultores.es\\\/?s={search_term_string}\"},\"query-input\":{\"@type\":\"PropertyValueSpecification\",\"valueRequired\":true,\"valueName\":\"search_term_string\"}}],\"inLanguage\":\"eu\"},{\"@type\":\"Organization\",\"@id\":\"https:\\\/\\\/mjconsultores.es\\\/#organization\",\"name\":\"mjconsultores\",\"url\":\"https:\\\/\\\/mjconsultores.es\\\/\",\"logo\":{\"@type\":\"ImageObject\",\"inLanguage\":\"eu\",\"@id\":\"https:\\\/\\\/mjconsultores.es\\\/#\\\/schema\\\/logo\\\/image\\\/\",\"url\":\"https:\\\/\\\/mjconsultores.es\\\/wp-content\\\/uploads\\\/2024\\\/07\\\/cropped-Captura-desde-2024-07-04-17-39-27.png\",\"contentUrl\":\"https:\\\/\\\/mjconsultores.es\\\/wp-content\\\/uploads\\\/2024\\\/07\\\/cropped-Captura-desde-2024-07-04-17-39-27.png\",\"width\":509,\"height\":313,\"caption\":\"mjconsultores\"},\"image\":{\"@id\":\"https:\\\/\\\/mjconsultores.es\\\/#\\\/schema\\\/logo\\\/image\\\/\"}}]}<\/script>\n<!-- \/ Yoast SEO plugin. -->","yoast_head_json":{"title":"Servicios - mjconsultores","robots":{"index":"index","follow":"follow","max-snippet":"max-snippet:-1","max-image-preview":"max-image-preview:large","max-video-preview":"max-video-preview:-1"},"canonical":"https:\/\/mjconsultores.es\/eus\/servicios\/","og_locale":"en_US","og_type":"article","og_title":"Servicios - mjconsultores","og_description":"Nuestros Servicios Consultor\u00eda Comercial Optimizamos estrategias de ventas y marketing para aumentar ingresos y rentabilidad en su negocio. Valoraci\u00f3n de Empresas Valoramos su empresa usando m\u00e9todos de mercado, ingresos y activos, esenciales para decisiones estrat\u00e9gicas y financieras. No lo dejes para despu\u00e9s, act\u00faa hoy mismo. Escr\u00edbenos","og_url":"https:\/\/mjconsultores.es\/eus\/servicios\/","og_site_name":"mjconsultores","article_modified_time":"2024-07-16T15:08:06+00:00","og_image":[{"url":"https:\/\/mjconsultores.es\/wp-content\/uploads\/2024\/07\/financial-wellbeing_14597842.png","type":"","width":"","height":""}],"twitter_card":"summary_large_image","twitter_misc":{"Est. reading time":"1 minutua"},"schema":{"@context":"https:\/\/schema.org","@graph":[{"@type":"WebPage","@id":"https:\/\/mjconsultores.es\/servicios\/","url":"https:\/\/mjconsultores.es\/servicios\/","name":"Servicios - mjconsultores","isPartOf":{"@id":"https:\/\/mjconsultores.es\/#website"},"primaryImageOfPage":{"@id":"https:\/\/mjconsultores.es\/servicios\/#primaryimage"},"image":{"@id":"https:\/\/mjconsultores.es\/servicios\/#primaryimage"},"thumbnailUrl":"https:\/\/mjconsultores.es\/wp-content\/uploads\/2024\/07\/financial-wellbeing_14597842.png","datePublished":"2024-07-04T14:06:05+00:00","dateModified":"2024-07-16T15:08:06+00:00","breadcrumb":{"@id":"https:\/\/mjconsultores.es\/servicios\/#breadcrumb"},"inLanguage":"eu","potentialAction":[{"@type":"ReadAction","target":["https:\/\/mjconsultores.es\/servicios\/"]}]},{"@type":"ImageObject","inLanguage":"eu","@id":"https:\/\/mjconsultores.es\/servicios\/#primaryimage","url":"https:\/\/mjconsultores.es\/wp-content\/uploads\/2024\/07\/financial-wellbeing_14597842.png","contentUrl":"https:\/\/mjconsultores.es\/wp-content\/uploads\/2024\/07\/financial-wellbeing_14597842.png"},{"@type":"BreadcrumbList","@id":"https:\/\/mjconsultores.es\/servicios\/#breadcrumb","itemListElement":[{"@type":"ListItem","position":1,"name":"Portada","item":"https:\/\/mjconsultores.es\/"},{"@type":"ListItem","position":2,"name":"Servicios"}]},{"@type":"WebSite","@id":"https:\/\/mjconsultores.es\/#website","url":"https:\/\/mjconsultores.es\/","name":"mjconsultores","description":"","publisher":{"@id":"https:\/\/mjconsultores.es\/#organization"},"potentialAction":[{"@type":"SearchAction","target":{"@type":"EntryPoint","urlTemplate":"https:\/\/mjconsultores.es\/?s={search_term_string}"},"query-input":{"@type":"PropertyValueSpecification","valueRequired":true,"valueName":"search_term_string"}}],"inLanguage":"eu"},{"@type":"Organization","@id":"https:\/\/mjconsultores.es\/#organization","name":"mjconsultores","url":"https:\/\/mjconsultores.es\/","logo":{"@type":"ImageObject","inLanguage":"eu","@id":"https:\/\/mjconsultores.es\/#\/schema\/logo\/image\/","url":"https:\/\/mjconsultores.es\/wp-content\/uploads\/2024\/07\/cropped-Captura-desde-2024-07-04-17-39-27.png","contentUrl":"https:\/\/mjconsultores.es\/wp-content\/uploads\/2024\/07\/cropped-Captura-desde-2024-07-04-17-39-27.png","width":509,"height":313,"caption":"mjconsultores"},"image":{"@id":"https:\/\/mjconsultores.es\/#\/schema\/logo\/image\/"}}]}},"_links":{"self":[{"href":"https:\/\/mjconsultores.es\/eus\/wp-json\/wp\/v2\/pages\/12","targetHints":{"allow":["GET"]}}],"collection":[{"href":"https:\/\/mjconsultores.es\/eus\/wp-json\/wp\/v2\/pages"}],"about":[{"href":"https:\/\/mjconsultores.es\/eus\/wp-json\/wp\/v2\/types\/page"}],"author":[{"embeddable":true,"href":"https:\/\/mjconsultores.es\/eus\/wp-json\/wp\/v2\/users\/1"}],"replies":[{"embeddable":true,"href":"https:\/\/mjconsultores.es\/eus\/wp-json\/wp\/v2\/comments?post=12"}],"version-history":[{"count":139,"href":"https:\/\/mjconsultores.es\/eus\/wp-json\/wp\/v2\/pages\/12\/revisions"}],"predecessor-version":[{"id":960,"href":"https:\/\/mjconsultores.es\/eus\/wp-json\/wp\/v2\/pages\/12\/revisions\/960"}],"wp:attachment":[{"href":"https:\/\/mjconsultores.es\/eus\/wp-json\/wp\/v2\/media?parent=12"}],"curies":[{"name":"wp","href":"https:\/\/api.w.org\/{rel}","templated":true}]}}